{"id":41246,"date":"2025-06-17T14:11:10","date_gmt":"2025-06-17T14:11:10","guid":{"rendered":"https:\/\/sourcecode.al\/02072025fsc\/?page_id=41246"},"modified":"2026-04-10T19:39:25","modified_gmt":"2026-04-10T19:39:25","slug":"ofertat","status":"publish","type":"page","link":"https:\/\/fronteramedicalspa.al\/index.php\/ofertat\/","title":{"rendered":"OFERTAT"},"content":{"rendered":"\t\t<div data-elementor-type=\"wp-page\" data-elementor-id=\"41246\" class=\"elementor elementor-41246\">\n\t\t\t\t<div class=\"elementor-element elementor-element-b11167a e-flex e-con-boxed cmsmasters-bg-hide-none cmsmasters-bg-hide-none cmsmasters-block-default e-con e-parent\" data-id=\"b11167a\" data-element_type=\"container\" data-settings=\"{&quot;background_background&quot;:&quot;classic&quot;}\">\n\t\t\t\t\t<div class=\"e-con-inner\">\n\t\t\t\t<div class=\"elementor-element elementor-element-7934152 elementor-widget__width-initial cmsmasters-block-default cmsmasters-sticky-default elementor-widget elementor-widget-heading\" data-id=\"7934152\" data-element_type=\"widget\" data-widget_type=\"heading.default\">\n\t\t\t\t<div class=\"elementor-widget-container\">\n\t\t\t\t\t<h1 class=\"elementor-heading-title elementor-size-default\">Ofertat<\/h1>\t\t\t\t<\/div>\n\t\t\t\t<\/div>\n\t\t\t\t\t<\/div>\n\t\t\t\t<\/div>\n\t\t<div class=\"elementor-element elementor-element-d6f9644 e-grid e-con-boxed cmsmasters-block-default e-con e-parent\" data-id=\"d6f9644\" data-element_type=\"container\">\n\t\t\t\t\t<div class=\"e-con-inner\">\n\t\t<div class=\"elementor-element elementor-element-77f9c50 e-con-full e-flex cmsmasters-block-default e-con e-child\" data-id=\"77f9c50\" data-element_type=\"container\">\n\t\t<div class=\"elementor-element elementor-element-1cb4d0f e-con-full e-flex cmsmasters-block-default e-con e-child\" data-id=\"1cb4d0f\" data-element_type=\"container\">\n\t\t\t\t<div class=\"elementor-element elementor-element-a87d097 elementor-widget__width-initial elementor-absolute cmsmasters-block-default cmsmasters-sticky-default elementor-widget elementor-widget-heading\" data-id=\"a87d097\" data-element_type=\"widget\" data-settings=\"{&quot;_position&quot;:&quot;absolute&quot;}\" data-widget_type=\"heading.default\">\n\t\t\t\t<div class=\"elementor-widget-container\">\n\t\t\t\t\t<h2 class=\"elementor-heading-title elementor-size-default\">OFERTA E PASHK\u00cbVE(1)<\/h2>\t\t\t\t<\/div>\n\t\t\t\t<\/div>\n\t\t\t\t<div class=\"elementor-element elementor-element-75006b5 cmsmasters-block-default cmsmasters-sticky-default elementor-widget elementor-widget-video\" data-id=\"75006b5\" data-element_type=\"widget\" data-settings=\"{&quot;video_type&quot;:&quot;hosted&quot;,&quot;controls&quot;:&quot;yes&quot;}\" data-widget_type=\"video.default\">\n\t\t\t\t<div class=\"elementor-widget-container\">\n\t\t\t\t\t\t\t<div class=\"e-hosted-video elementor-wrapper elementor-open-inline\">\n\t\t\t\t\t<video class=\"elementor-video\" src=\"https:\/\/fronteramedicalspa.al\/wp-content\/uploads\/2026\/04\/ALBA-1.mp4\" controls=\"\" preload=\"metadata\" controlsList=\"nodownload\"><\/video>\n\t\t\t\t<\/div>\n\t\t\t\t\t\t<\/div>\n\t\t\t\t<\/div>\n\t\t\t\t<\/div>\n\t\t\t\t<\/div>\n\t\t<div class=\"elementor-element elementor-element-6cbf838 e-con-full e-flex cmsmasters-block-default e-con e-child\" data-id=\"6cbf838\" data-element_type=\"container\">\n\t\t<div class=\"elementor-element elementor-element-4707423 e-con-full e-flex cmsmasters-block-default e-con e-child\" data-id=\"4707423\" data-element_type=\"container\">\n\t\t\t\t<div class=\"elementor-element elementor-element-dc8cd86 elementor-widget__width-initial elementor-absolute cmsmasters-block-default cmsmasters-sticky-default elementor-widget elementor-widget-heading\" data-id=\"dc8cd86\" data-element_type=\"widget\" data-settings=\"{&quot;_position&quot;:&quot;absolute&quot;}\" data-widget_type=\"heading.default\">\n\t\t\t\t<div class=\"elementor-widget-container\">\n\t\t\t\t\t<h2 class=\"elementor-heading-title elementor-size-default\">OFERTA E PASHK\u00cbVE(2)<\/h2>\t\t\t\t<\/div>\n\t\t\t\t<\/div>\n\t\t\t\t<div class=\"elementor-element elementor-element-191dc70 cmsmasters-block-default cmsmasters-sticky-default elementor-widget elementor-widget-video\" data-id=\"191dc70\" data-element_type=\"widget\" data-settings=\"{&quot;video_type&quot;:&quot;hosted&quot;,&quot;controls&quot;:&quot;yes&quot;}\" data-widget_type=\"video.default\">\n\t\t\t\t<div class=\"elementor-widget-container\">\n\t\t\t\t\t\t\t<div class=\"e-hosted-video elementor-wrapper elementor-open-inline\">\n\t\t\t\t\t<video class=\"elementor-video\" src=\"https:\/\/fronteramedicalspa.al\/wp-content\/uploads\/2026\/04\/ALBA-2.mp4\" controls=\"\" preload=\"metadata\" controlsList=\"nodownload\"><\/video>\n\t\t\t\t<\/div>\n\t\t\t\t\t\t<\/div>\n\t\t\t\t<\/div>\n\t\t\t\t<\/div>\n\t\t\t\t<\/div>\n\t\t<div class=\"elementor-element elementor-element-62950b8 e-con-full e-flex cmsmasters-block-default e-con e-child\" data-id=\"62950b8\" data-element_type=\"container\">\n\t\t\t\t<div class=\"elementor-element elementor-element-3c846c5 elementor-widget__width-initial elementor-absolute cmsmasters-block-default cmsmasters-sticky-default elementor-widget elementor-widget-heading\" data-id=\"3c846c5\" data-element_type=\"widget\" data-settings=\"{&quot;_position&quot;:&quot;absolute&quot;}\" data-widget_type=\"heading.default\">\n\t\t\t\t<div class=\"elementor-widget-container\">\n\t\t\t\t\t<h2 class=\"elementor-heading-title elementor-size-default\">ABONIM MUJOR<\/h2>\t\t\t\t<\/div>\n\t\t\t\t<\/div>\n\t\t\t\t<div class=\"elementor-element elementor-element-638bd31 cmsmasters-block-default cmsmasters-sticky-default elementor-widget elementor-widget-video\" data-id=\"638bd31\" data-element_type=\"widget\" data-settings=\"{&quot;video_type&quot;:&quot;hosted&quot;,&quot;controls&quot;:&quot;yes&quot;}\" data-widget_type=\"video.default\">\n\t\t\t\t<div class=\"elementor-widget-container\">\n\t\t\t\t\t\t\t<div class=\"e-hosted-video elementor-wrapper elementor-open-inline\">\n\t\t\t\t\t<video class=\"elementor-video\" src=\"https:\/\/fronteramedicalspa.al\/wp-content\/uploads\/2026\/04\/Frontera-sjell-nje-koncept-te-ri-ku-trajtimet-tuaja-te-preferuara-bashkohen-ne-nje-abonim-ekskl-1.mp4\" controls=\"\" preload=\"metadata\" controlsList=\"nodownload\"><\/video>\n\t\t\t\t<\/div>\n\t\t\t\t\t\t<\/div>\n\t\t\t\t<\/div>\n\t\t\t\t<\/div>\n\t\t\t\t\t<\/div>\n\t\t\t\t<\/div>\n\t\t<div class=\"elementor-element elementor-element-0a1ee6b e-flex e-con-boxed cmsmasters-block-default e-con e-parent\" data-id=\"0a1ee6b\" data-element_type=\"container\">\n\t\t\t\t\t<div class=\"e-con-inner\">\n\t\t\t\t\t<\/div>\n\t\t\t\t<\/div>\n\t\t<div class=\"elementor-element elementor-element-6fae67b e-grid e-con-boxed cmsmasters-block-default e-con e-parent\" data-id=\"6fae67b\" data-element_type=\"container\">\n\t\t\t\t\t<div class=\"e-con-inner\">\n\t\t<div class=\"elementor-element elementor-element-9aa450e e-con-full e-flex cmsmasters-block-default e-con e-child\" data-id=\"9aa450e\" data-element_type=\"container\">\n\t\t<div class=\"elementor-element elementor-element-7bbee96 e-con-full e-flex cmsmasters-block-default e-con e-child\" data-id=\"7bbee96\" data-element_type=\"container\">\n\t\t\t\t<div class=\"elementor-element elementor-element-a907b67 elementor-widget__width-initial elementor-absolute cmsmasters-block-default cmsmasters-sticky-default elementor-widget elementor-widget-heading\" data-id=\"a907b67\" data-element_type=\"widget\" data-settings=\"{&quot;_position&quot;:&quot;absolute&quot;}\" data-widget_type=\"heading.default\">\n\t\t\t\t<div class=\"elementor-widget-container\">\n\t\t\t\t\t<h2 class=\"elementor-heading-title elementor-size-default\">ABONIM MUJOR<\/h2>\t\t\t\t<\/div>\n\t\t\t\t<\/div>\n\t\t\t\t<div class=\"elementor-element elementor-element-7b1d5ae cmsmasters-block-default cmsmasters-sticky-default elementor-widget elementor-widget-video\" data-id=\"7b1d5ae\" data-element_type=\"widget\" data-settings=\"{&quot;video_type&quot;:&quot;hosted&quot;,&quot;controls&quot;:&quot;yes&quot;}\" data-widget_type=\"video.default\">\n\t\t\t\t<div class=\"elementor-widget-container\">\n\t\t\t\t\t\t\t<div class=\"e-hosted-video elementor-wrapper elementor-open-inline\">\n\t\t\t\t\t<video class=\"elementor-video\" src=\"https:\/\/fronteramedicalspa.al\/wp-content\/uploads\/2026\/04\/13-mars-300-mije-lekshi-oferta.mp4\" controls=\"\" preload=\"metadata\" controlsList=\"nodownload\"><\/video>\n\t\t\t\t<\/div>\n\t\t\t\t\t\t<\/div>\n\t\t\t\t<\/div>\n\t\t\t\t<\/div>\n\t\t\t\t<\/div>\n\t\t<div class=\"elementor-element elementor-element-5eeb171 e-con-full e-flex cmsmasters-block-default e-con e-child\" data-id=\"5eeb171\" data-element_type=\"container\">\n\t\t<div class=\"elementor-element elementor-element-2c005e7 e-con-full e-flex cmsmasters-block-default e-con e-child\" data-id=\"2c005e7\" data-element_type=\"container\">\n\t\t\t\t<div class=\"elementor-element elementor-element-8f30668 elementor-widget__width-initial elementor-absolute cmsmasters-block-default cmsmasters-sticky-default elementor-widget elementor-widget-heading\" data-id=\"8f30668\" data-element_type=\"widget\" data-settings=\"{&quot;_position&quot;:&quot;absolute&quot;}\" data-widget_type=\"heading.default\">\n\t\t\t\t<div class=\"elementor-widget-container\">\n\t\t\t\t\t<h2 class=\"elementor-heading-title elementor-size-default\">KUJDESI P\u00cbR L\u00cbKUR\u00cbN<\/h2>\t\t\t\t<\/div>\n\t\t\t\t<\/div>\n\t\t\t\t<div class=\"elementor-element elementor-element-ce18496 cmsmasters-block-default cmsmasters-sticky-default elementor-widget elementor-widget-video\" data-id=\"ce18496\" data-element_type=\"widget\" data-settings=\"{&quot;video_type&quot;:&quot;hosted&quot;,&quot;controls&quot;:&quot;yes&quot;}\" data-widget_type=\"video.default\">\n\t\t\t\t<div class=\"elementor-widget-container\">\n\t\t\t\t\t\t\t<div class=\"e-hosted-video elementor-wrapper elementor-open-inline\">\n\t\t\t\t\t<video class=\"elementor-video\" src=\"https:\/\/fronteramedicalspa.al\/wp-content\/uploads\/2026\/04\/26-mars-TRDRFK.mp4\" controls=\"\" preload=\"metadata\" controlsList=\"nodownload\"><\/video>\n\t\t\t\t<\/div>\n\t\t\t\t\t\t<\/div>\n\t\t\t\t<\/div>\n\t\t\t\t<\/div>\n\t\t\t\t<\/div>\n\t\t<div class=\"elementor-element elementor-element-7d5f3ac e-flex e-con-boxed cmsmasters-bg-hide-none cmsmasters-bg-hide-none cmsmasters-block-default e-con e-child\" data-id=\"7d5f3ac\" data-element_type=\"container\" data-settings=\"{&quot;background_background&quot;:&quot;classic&quot;}\">\n\t\t\t\t\t<div class=\"e-con-inner\">\n\t\t\t\t<div class=\"elementor-element elementor-element-aad60d4 cmsmasters-block-default cmsmasters-sticky-default elementor-widget elementor-widget-heading\" data-id=\"aad60d4\" data-element_type=\"widget\" data-widget_type=\"heading.default\">\n\t\t\t\t<div class=\"elementor-widget-container\">\n\t\t\t\t\t<h2 class=\"elementor-heading-title elementor-size-default\">Bye-bye razors<\/h2>\t\t\t\t<\/div>\n\t\t\t\t<\/div>\n\t\t\t\t<div class=\"elementor-element elementor-element-7eada29 elementor-align-justify cmsmasters-block-default cmsmasters-sticky-default elementor-widget elementor-widget-button\" data-id=\"7eada29\" data-element_type=\"widget\" data-widget_type=\"button.default\">\n\t\t\t\t<div class=\"elementor-widget-container\">\n\t\t\t\t\t\t\t\t\t<div class=\"elementor-button-wrapper\">\n\t\t\t\t\t<a class=\"elementor-button elementor-button-link elementor-size-sm\" href=\"#cmsmasters-popup-42125\">\n\t\t\t\t\t\t<span class=\"elementor-button-content-wrapper\">\n\t\t\t\t\t\t\t\t\t<span class=\"elementor-button-text\">Click here<\/span>\n\t\t\t\t\t<\/span>\n\t\t\t\t\t<\/a>\n\t\t\t\t<\/div>\n\t\t\t\t<div class='animated elementor-popup-modal cmsmasters-elementor-popup cmsmasters-elementor-popup-42125' data-popup-id='42125'><div data-elementor-type=\"cmsmasters_popup\" data-elementor-id=\"42125\" class=\"elementor elementor-42125\" data-elementor-settings=\"{&quot;cms_close_button_icon&quot;:{&quot;value&quot;:&quot;cmsmsdemo-icon- cmsms-demo-icon-cancel&quot;,&quot;library&quot;:&quot;Local-Icons&quot;}}\" data-cms-icon=\"&lt;i aria-hidden=&quot;true&quot; aria-label=&quot;Popup Close&quot; class=&quot;cmsmsdemo-icon- cmsms-demo-icon-cancel&quot;&gt;&lt;\/i&gt;\">\t\t\t<div class=\"elementor-inner\">\n\t\t\t\t<div class=\"elementor-section-wrap\">\n\t\t\t\t\t<div class=\"elementor-element elementor-element-4a7daf0d e-con-full e-flex cmsmasters-block-default e-con e-parent\" data-id=\"4a7daf0d\" data-element_type=\"container\" data-settings=\"{&quot;background_background&quot;:&quot;classic&quot;}\">\n\t\t\t\t<div class=\"elementor-element elementor-element-1dceb8e elementor-arrows-position-inside elementor-pagination-position-outside cmsmasters-block-default cmsmasters-sticky-default elementor-widget elementor-widget-image-carousel\" data-id=\"1dceb8e\" data-element_type=\"widget\" data-settings=\"{&quot;slides_to_show&quot;:&quot;1&quot;,&quot;navigation&quot;:&quot;both&quot;,&quot;autoplay&quot;:&quot;yes&quot;,&quot;pause_on_hover&quot;:&quot;yes&quot;,&quot;pause_on_interaction&quot;:&quot;yes&quot;,&quot;autoplay_speed&quot;:5000,&quot;infinite&quot;:&quot;yes&quot;,&quot;effect&quot;:&quot;slide&quot;,&quot;speed&quot;:500}\" data-widget_type=\"image-carousel.default\">\n\t\t\t\t<div class=\"elementor-widget-container\">\n\t\t\t\t\t\t\t<div class=\"elementor-image-carousel-wrapper swiper\" role=\"region\" aria-roledescription=\"carousel\" aria-label=\"Image Carousel\" dir=\"ltr\">\n\t\t\t<div class=\"elementor-image-carousel swiper-wrapper\" aria-live=\"off\">\n\t\t\t\t\t\t\t\t<div class=\"swiper-slide\" role=\"group\" aria-roledescription=\"slide\" aria-label=\"1 of 1\"><figure class=\"swiper-slide-inner\"><img decoding=\"async\" class=\"swiper-slide-image\" src=\"https:\/\/fronteramedicalspa.al\/wp-content\/uploads\/2026\/04\/11-mars-laser-oferta--768x960.jpg\" alt=\"11 mars (laser oferta)\" \/><\/figure><\/div>\t\t\t<\/div>\n\t\t\t\t\t<\/div>\n\t\t\t\t\t\t<\/div>\n\t\t\t\t<\/div>\n\t\t\t\t<\/div>\n\t\t\t\t\t\t<\/div>\n\t\t\t<\/div>\n\t\t<\/div><\/div>\t\t\t\t<\/div>\n\t\t\t\t<\/div>\n\t\t\t\t\t<\/div>\n\t\t\t\t<\/div>\n\t\t\t\t\t<\/div>\n\t\t\t\t<\/div>\n\t\t\t\t<\/div>\n\t\t","protected":false},"excerpt":{"rendered":"<p>Ofertat OFERTA E PASHK\u00cbVE(1) https:\/\/fronteramedicalspa.al\/wp-content\/uploads\/2026\/04\/ALBA-1.mp4 OFERTA E PASHK\u00cbVE(2) https:\/\/fronteramedicalspa.al\/wp-content\/uploads\/2026\/04\/ALBA-2.mp4 ABONIM MUJOR https:\/\/fronteramedicalspa.al\/wp-content\/uploads\/2026\/04\/Frontera-sjell-nje-koncept-te-ri-ku-trajtimet-tuaja-te-preferuara-bashkohen-ne-nje-abonim-ekskl-1.mp4 ABONIM MUJOR https:\/\/fronteramedicalspa.al\/wp-content\/uploads\/2026\/04\/13-mars-300-mije-lekshi-oferta.mp4 KUJDESI P\u00cbR L\u00cbKUR\u00cbN https:\/\/fronteramedicalspa.al\/wp-content\/uploads\/2026\/04\/26-mars-TRDRFK.mp4 Bye-bye razors Click here<\/p>\n","protected":false},"author":1,"featured_media":0,"parent":0,"menu_order":0,"comment_status":"closed","ping_status":"closed","template":"","meta":{"_acf_changed":false,"footnotes":""},"class_list":["post-41246","page","type-page","status-publish","hentry"],"acf":[],"yoast_head":"<!-- This site is optimized with the Yoast SEO plugin v27.3 - https:\/\/yoast.com\/product\/yoast-seo-wordpress\/ -->\n<title>OFERTAT - Frontera<\/title>\n<meta name=\"robots\" content=\"index, follow, max-snippet:-1, max-image-preview:large, max-video-preview:-1\" \/>\n<link rel=\"canonical\" href=\"https:\/\/fronteramedicalspa.al\/index.php\/ofertat\/\" \/>\n<meta property=\"og:locale\" content=\"en_US\" \/>\n<meta property=\"og:type\" content=\"article\" \/>\n<meta property=\"og:title\" content=\"OFERTAT - Frontera\" \/>\n<meta property=\"og:description\" content=\"Ofertat OFERTA E PASHK\u00cbVE(1) https:\/\/fronteramedicalspa.al\/wp-content\/uploads\/2026\/04\/ALBA-1.mp4 OFERTA E PASHK\u00cbVE(2) https:\/\/fronteramedicalspa.al\/wp-content\/uploads\/2026\/04\/ALBA-2.mp4 ABONIM MUJOR https:\/\/fronteramedicalspa.al\/wp-content\/uploads\/2026\/04\/Frontera-sjell-nje-koncept-te-ri-ku-trajtimet-tuaja-te-preferuara-bashkohen-ne-nje-abonim-ekskl-1.mp4 ABONIM MUJOR https:\/\/fronteramedicalspa.al\/wp-content\/uploads\/2026\/04\/13-mars-300-mije-lekshi-oferta.mp4 KUJDESI P\u00cbR L\u00cbKUR\u00cbN https:\/\/fronteramedicalspa.al\/wp-content\/uploads\/2026\/04\/26-mars-TRDRFK.mp4 Bye-bye razors Click here\" \/>\n<meta property=\"og:url\" content=\"https:\/\/fronteramedicalspa.al\/index.php\/ofertat\/\" \/>\n<meta property=\"og:site_name\" content=\"Frontera\" \/>\n<meta property=\"article:publisher\" content=\"https:\/\/www.facebook.com\/Frontera.medicalspa\/\" \/>\n<meta property=\"article:modified_time\" content=\"2026-04-10T19:39:25+00:00\" \/>\n<meta property=\"og:image\" content=\"https:\/\/fronteramedicalspa.al\/wp-content\/uploads\/2026\/04\/11-mars-laser-oferta--768x960.jpg\" \/>\n<meta name=\"twitter:card\" content=\"summary_large_image\" \/>\n<meta name=\"twitter:label1\" content=\"Est. reading time\" \/>\n\t<meta name=\"twitter:data1\" content=\"1 minute\" \/>\n<script type=\"application\/ld+json\" class=\"yoast-schema-graph\">{\"@context\":\"https:\\\/\\\/schema.org\",\"@graph\":[{\"@type\":\"WebPage\",\"@id\":\"https:\\\/\\\/fronteramedicalspa.al\\\/index.php\\\/ofertat\\\/\",\"url\":\"https:\\\/\\\/fronteramedicalspa.al\\\/index.php\\\/ofertat\\\/\",\"name\":\"OFERTAT - Frontera\",\"isPartOf\":{\"@id\":\"https:\\\/\\\/fronteramedicalspa.al\\\/#website\"},\"primaryImageOfPage\":{\"@id\":\"https:\\\/\\\/fronteramedicalspa.al\\\/index.php\\\/ofertat\\\/#primaryimage\"},\"image\":{\"@id\":\"https:\\\/\\\/fronteramedicalspa.al\\\/index.php\\\/ofertat\\\/#primaryimage\"},\"thumbnailUrl\":\"https:\\\/\\\/fronteramedicalspa.al\\\/wp-content\\\/uploads\\\/2026\\\/04\\\/11-mars-laser-oferta--768x960.jpg\",\"datePublished\":\"2025-06-17T14:11:10+00:00\",\"dateModified\":\"2026-04-10T19:39:25+00:00\",\"breadcrumb\":{\"@id\":\"https:\\\/\\\/fronteramedicalspa.al\\\/index.php\\\/ofertat\\\/#breadcrumb\"},\"inLanguage\":\"en-US\",\"potentialAction\":[{\"@type\":\"ReadAction\",\"target\":[\"https:\\\/\\\/fronteramedicalspa.al\\\/index.php\\\/ofertat\\\/\"]}]},{\"@type\":\"ImageObject\",\"inLanguage\":\"en-US\",\"@id\":\"https:\\\/\\\/fronteramedicalspa.al\\\/index.php\\\/ofertat\\\/#primaryimage\",\"url\":\"https:\\\/\\\/fronteramedicalspa.al\\\/wp-content\\\/uploads\\\/2026\\\/04\\\/11-mars-laser-oferta--scaled.jpg\",\"contentUrl\":\"https:\\\/\\\/fronteramedicalspa.al\\\/wp-content\\\/uploads\\\/2026\\\/04\\\/11-mars-laser-oferta--scaled.jpg\",\"width\":2048,\"height\":2560},{\"@type\":\"BreadcrumbList\",\"@id\":\"https:\\\/\\\/fronteramedicalspa.al\\\/index.php\\\/ofertat\\\/#breadcrumb\",\"itemListElement\":[{\"@type\":\"ListItem\",\"position\":1,\"name\":\"Home\",\"item\":\"https:\\\/\\\/fronteramedicalspa.al\\\/\"},{\"@type\":\"ListItem\",\"position\":2,\"name\":\"OFERTAT\"}]},{\"@type\":\"WebSite\",\"@id\":\"https:\\\/\\\/fronteramedicalspa.al\\\/#website\",\"url\":\"https:\\\/\\\/fronteramedicalspa.al\\\/\",\"name\":\"Frontera Medical SPA\",\"description\":\"Medical SPA\",\"publisher\":{\"@id\":\"https:\\\/\\\/fronteramedicalspa.al\\\/#organization\"},\"potentialAction\":[{\"@type\":\"SearchAction\",\"target\":{\"@type\":\"EntryPoint\",\"urlTemplate\":\"https:\\\/\\\/fronteramedicalspa.al\\\/?s={search_term_string}\"},\"query-input\":{\"@type\":\"PropertyValueSpecification\",\"valueRequired\":true,\"valueName\":\"search_term_string\"}}],\"inLanguage\":\"en-US\"},{\"@type\":\"Organization\",\"@id\":\"https:\\\/\\\/fronteramedicalspa.al\\\/#organization\",\"name\":\"Frontera Medical SPA\",\"url\":\"https:\\\/\\\/fronteramedicalspa.al\\\/\",\"logo\":{\"@type\":\"ImageObject\",\"inLanguage\":\"en-US\",\"@id\":\"https:\\\/\\\/fronteramedicalspa.al\\\/#\\\/schema\\\/logo\\\/image\\\/\",\"url\":\"https:\\\/\\\/fronteramedicalspa.al\\\/wp-content\\\/uploads\\\/2025\\\/05\\\/Logo-Ngjyra-scaled-e1749128186485.png\",\"contentUrl\":\"https:\\\/\\\/fronteramedicalspa.al\\\/wp-content\\\/uploads\\\/2025\\\/05\\\/Logo-Ngjyra-scaled-e1749128186485.png\",\"width\":1417,\"height\":866,\"caption\":\"Frontera Medical SPA\"},\"image\":{\"@id\":\"https:\\\/\\\/fronteramedicalspa.al\\\/#\\\/schema\\\/logo\\\/image\\\/\"},\"sameAs\":[\"https:\\\/\\\/www.facebook.com\\\/Frontera.medicalspa\\\/\",\"https:\\\/\\\/www.instagram.com\\\/frontera.medicalspa\\\/\"]}]}<\/script>\n<!-- \/ Yoast SEO plugin. -->","yoast_head_json":{"title":"OFERTAT - Frontera","robots":{"index":"index","follow":"follow","max-snippet":"max-snippet:-1","max-image-preview":"max-image-preview:large","max-video-preview":"max-video-preview:-1"},"canonical":"https:\/\/fronteramedicalspa.al\/index.php\/ofertat\/","og_locale":"en_US","og_type":"article","og_title":"OFERTAT - Frontera","og_description":"Ofertat OFERTA E PASHK\u00cbVE(1) https:\/\/fronteramedicalspa.al\/wp-content\/uploads\/2026\/04\/ALBA-1.mp4 OFERTA E PASHK\u00cbVE(2) https:\/\/fronteramedicalspa.al\/wp-content\/uploads\/2026\/04\/ALBA-2.mp4 ABONIM MUJOR https:\/\/fronteramedicalspa.al\/wp-content\/uploads\/2026\/04\/Frontera-sjell-nje-koncept-te-ri-ku-trajtimet-tuaja-te-preferuara-bashkohen-ne-nje-abonim-ekskl-1.mp4 ABONIM MUJOR https:\/\/fronteramedicalspa.al\/wp-content\/uploads\/2026\/04\/13-mars-300-mije-lekshi-oferta.mp4 KUJDESI P\u00cbR L\u00cbKUR\u00cbN https:\/\/fronteramedicalspa.al\/wp-content\/uploads\/2026\/04\/26-mars-TRDRFK.mp4 Bye-bye razors Click here","og_url":"https:\/\/fronteramedicalspa.al\/index.php\/ofertat\/","og_site_name":"Frontera","article_publisher":"https:\/\/www.facebook.com\/Frontera.medicalspa\/","article_modified_time":"2026-04-10T19:39:25+00:00","og_image":[{"url":"https:\/\/fronteramedicalspa.al\/wp-content\/uploads\/2026\/04\/11-mars-laser-oferta--768x960.jpg","type":"","width":"","height":""}],"twitter_card":"summary_large_image","twitter_misc":{"Est. reading time":"1 minute"},"schema":{"@context":"https:\/\/schema.org","@graph":[{"@type":"WebPage","@id":"https:\/\/fronteramedicalspa.al\/index.php\/ofertat\/","url":"https:\/\/fronteramedicalspa.al\/index.php\/ofertat\/","name":"OFERTAT - Frontera","isPartOf":{"@id":"https:\/\/fronteramedicalspa.al\/#website"},"primaryImageOfPage":{"@id":"https:\/\/fronteramedicalspa.al\/index.php\/ofertat\/#primaryimage"},"image":{"@id":"https:\/\/fronteramedicalspa.al\/index.php\/ofertat\/#primaryimage"},"thumbnailUrl":"https:\/\/fronteramedicalspa.al\/wp-content\/uploads\/2026\/04\/11-mars-laser-oferta--768x960.jpg","datePublished":"2025-06-17T14:11:10+00:00","dateModified":"2026-04-10T19:39:25+00:00","breadcrumb":{"@id":"https:\/\/fronteramedicalspa.al\/index.php\/ofertat\/#breadcrumb"},"inLanguage":"en-US","potentialAction":[{"@type":"ReadAction","target":["https:\/\/fronteramedicalspa.al\/index.php\/ofertat\/"]}]},{"@type":"ImageObject","inLanguage":"en-US","@id":"https:\/\/fronteramedicalspa.al\/index.php\/ofertat\/#primaryimage","url":"https:\/\/fronteramedicalspa.al\/wp-content\/uploads\/2026\/04\/11-mars-laser-oferta--scaled.jpg","contentUrl":"https:\/\/fronteramedicalspa.al\/wp-content\/uploads\/2026\/04\/11-mars-laser-oferta--scaled.jpg","width":2048,"height":2560},{"@type":"BreadcrumbList","@id":"https:\/\/fronteramedicalspa.al\/index.php\/ofertat\/#breadcrumb","itemListElement":[{"@type":"ListItem","position":1,"name":"Home","item":"https:\/\/fronteramedicalspa.al\/"},{"@type":"ListItem","position":2,"name":"OFERTAT"}]},{"@type":"WebSite","@id":"https:\/\/fronteramedicalspa.al\/#website","url":"https:\/\/fronteramedicalspa.al\/","name":"Frontera Medical SPA","description":"Medical SPA","publisher":{"@id":"https:\/\/fronteramedicalspa.al\/#organization"},"potentialAction":[{"@type":"SearchAction","target":{"@type":"EntryPoint","urlTemplate":"https:\/\/fronteramedicalspa.al\/?s={search_term_string}"},"query-input":{"@type":"PropertyValueSpecification","valueRequired":true,"valueName":"search_term_string"}}],"inLanguage":"en-US"},{"@type":"Organization","@id":"https:\/\/fronteramedicalspa.al\/#organization","name":"Frontera Medical SPA","url":"https:\/\/fronteramedicalspa.al\/","logo":{"@type":"ImageObject","inLanguage":"en-US","@id":"https:\/\/fronteramedicalspa.al\/#\/schema\/logo\/image\/","url":"https:\/\/fronteramedicalspa.al\/wp-content\/uploads\/2025\/05\/Logo-Ngjyra-scaled-e1749128186485.png","contentUrl":"https:\/\/fronteramedicalspa.al\/wp-content\/uploads\/2025\/05\/Logo-Ngjyra-scaled-e1749128186485.png","width":1417,"height":866,"caption":"Frontera Medical SPA"},"image":{"@id":"https:\/\/fronteramedicalspa.al\/#\/schema\/logo\/image\/"},"sameAs":["https:\/\/www.facebook.com\/Frontera.medicalspa\/","https:\/\/www.instagram.com\/frontera.medicalspa\/"]}]}},"_links":{"self":[{"href":"https:\/\/fronteramedicalspa.al\/index.php\/wp-json\/wp\/v2\/pages\/41246","targetHints":{"allow":["GET"]}}],"collection":[{"href":"https:\/\/fronteramedicalspa.al\/index.php\/wp-json\/wp\/v2\/pages"}],"about":[{"href":"https:\/\/fronteramedicalspa.al\/index.php\/wp-json\/wp\/v2\/types\/page"}],"author":[{"embeddable":true,"href":"https:\/\/fronteramedicalspa.al\/index.php\/wp-json\/wp\/v2\/users\/1"}],"replies":[{"embeddable":true,"href":"https:\/\/fronteramedicalspa.al\/index.php\/wp-json\/wp\/v2\/comments?post=41246"}],"version-history":[{"count":51,"href":"https:\/\/fronteramedicalspa.al\/index.php\/wp-json\/wp\/v2\/pages\/41246\/revisions"}],"predecessor-version":[{"id":42228,"href":"https:\/\/fronteramedicalspa.al\/index.php\/wp-json\/wp\/v2\/pages\/41246\/revisions\/42228"}],"wp:attachment":[{"href":"https:\/\/fronteramedicalspa.al\/index.php\/wp-json\/wp\/v2\/media?parent=41246"}],"curies":[{"name":"wp","href":"https:\/\/api.w.org\/{rel}","templated":true}]}}